{"id":122,"date":"2023-12-14T09:22:21","date_gmt":"2023-12-14T09:22:21","guid":{"rendered":"https:\/\/aim2sustain.erasmus.site\/?page_id=122"},"modified":"2024-12-05T11:24:57","modified_gmt":"2024-12-05T11:24:57","slug":"guidelines-for-sustainability-as-a-competence-in-horeca","status":"publish","type":"page","link":"https:\/\/aim2sustain.erasmus.site\/lt\/guidelines-for-sustainability-as-a-competence-in-horeca\/","title":{"rendered":"Gair\u0117s, apibr\u0117\u017eian\u010dios vie\u0161bu\u010di\u0173, restoran\u0173 ir vie\u0161ojo maitinimo \u012fstaig\u0173 (HoReCa) darbuotoj\u0173 tvarumo kompetencij\u0105"},"content":{"rendered":"<p>\u0160ios tvarumo gair\u0117s yra i\u0161samus veiksm\u0173 planas, kuriame pateikiami praktiniai b\u016bdai, kaip spr\u0119sti svarbius tvarumo klausimus vie\u0161bu\u010di\u0173, restoran\u0173 ir vie\u0161ojo maitinimo sektoriuose. Gair\u0117s parengtos apibendrinus \u012f\u017evalgas, gautas atlikus i\u0161sami\u0105 HoReCa sektoriaus suinteresuot\u0173j\u0173 \u0161ali\u0173 ir profesinio mokymo \u012fstaig\u0173 atstov\u0173 apklaus\u0105 septyniose projekte dalyvaujan\u010diose \u0161alyse partner\u0117se.<\/p>\n<p><a href=\"https:\/\/aim2sustain.erasmus.site\/wp-content\/uploads\/2023\/12\/Final-Survey-analysis-all-countries.pdf\" target=\"_blank\" rel=\"noopener noreferrer\">Apklausos analiz\u0117 (angl\u0173 k.)<br \/>\n<\/a><\/p>\n\r\n<!--change the width and height value as you want.--> \r\n<!-- Do change \"index.htm\" to your real html name of the flippingbook--> \r\n<iframe  style=\"width:100%;height:650px\"  src=\"https:\/\/aim2sustain.erasmus.site\/wp-content\/uploads\/flipbook\/5\/book.html\"  seamless=\"seamless\" scrolling=\"no\" frameborder=\"0\" allowtransparency=\"true\" allowfullscreen mozallowfullscreen  webkitallowfullscreen ><\/iframe>\r\n\n<p style=\"text-align: center;\"><a class=\"btn btn-primary btn-lg active\" role=\"button\" href=\"https:\/\/aim2sustain.erasmus.site\/wp-content\/uploads\/2023\/12\/Guidelines_LT.pdf\" target=\"_blank\" rel=\"noopener\" aria-pressed=\"true\">Atsi\u0173sti Gaires<\/a><\/p>\n<p><\/p>","protected":false},"excerpt":{"rendered":"<p>\u0160ios tvarumo gair\u0117s yra i\u0161samus veiksm\u0173 planas, kuriame pateikiami praktiniai b\u016bdai, kaip spr\u0119sti svarbius tvarumo klausimus vie\u0161bu\u010di\u0173, restoran\u0173 ir vie\u0161ojo maitinimo sektoriuose. Gair\u0117s parengtos apibendrinus \u012f\u017evalgas, gautas atlikus i\u0161sami\u0105 HoReCa sektoriaus suinteresuot\u0173j\u0173 \u0161ali\u0173 ir profesinio mokymo \u012fstaig\u0173 atstov\u0173 apklaus\u0105 septyniose projekte dalyvaujan\u010diose \u0161alyse partner\u0117se. Apklausos analiz\u0117 (angl\u0173 k.) Atsi\u0173sti Gaires<\/p>\n","protected":false},"author":1,"featured_media":0,"parent":0,"menu_order":0,"comment_status":"closed","ping_status":"closed","template":"","meta":{"neve_meta_sidebar":"","neve_meta_container":"","neve_meta_enable_content_width":"off","neve_meta_content_width":100,"neve_meta_title_alignment":"","neve_meta_author_avatar":"","neve_post_elements_order":"","neve_meta_disable_header":"","neve_meta_disable_footer":"","neve_meta_disable_title":"","footnotes":""},"class_list":["post-122","page","type-page","status-publish","hentry"],"_links":{"self":[{"href":"https:\/\/aim2sustain.erasmus.site\/lt\/wp-json\/wp\/v2\/pages\/122","targetHints":{"allow":["GET"]}}],"collection":[{"href":"https:\/\/aim2sustain.erasmus.site\/lt\/wp-json\/wp\/v2\/pages"}],"about":[{"href":"https:\/\/aim2sustain.erasmus.site\/lt\/wp-json\/wp\/v2\/types\/page"}],"author":[{"embeddable":true,"href":"https:\/\/aim2sustain.erasmus.site\/lt\/wp-json\/wp\/v2\/users\/1"}],"replies":[{"embeddable":true,"href":"https:\/\/aim2sustain.erasmus.site\/lt\/wp-json\/wp\/v2\/comments?post=122"}],"version-history":[{"count":27,"href":"https:\/\/aim2sustain.erasmus.site\/lt\/wp-json\/wp\/v2\/pages\/122\/revisions"}],"predecessor-version":[{"id":251,"href":"https:\/\/aim2sustain.erasmus.site\/lt\/wp-json\/wp\/v2\/pages\/122\/revisions\/251"}],"wp:attachment":[{"href":"https:\/\/aim2sustain.erasmus.site\/lt\/wp-json\/wp\/v2\/media?parent=122"}],"curies":[{"name":"wp","href":"https:\/\/api.w.org\/{rel}","templated":true}]}}