{"id":122,"date":"2023-12-14T09:22:21","date_gmt":"2023-12-14T09:22:21","guid":{"rendered":"https:\/\/aim2sustain.erasmus.site\/?page_id=122"},"modified":"2024-12-05T11:24:57","modified_gmt":"2024-12-05T11:24:57","slug":"guidelines-for-sustainability-as-a-competence-in-horeca","status":"publish","type":"page","link":"https:\/\/aim2sustain.erasmus.site\/pl\/guidelines-for-sustainability-as-a-competence-in-horeca\/","title":{"rendered":"Wytyczne dotycz\u0105ce zr\u00f3wnowa\u017conego rozwoju jako kompetencji w bran\u017cy HoReCa"},"content":{"rendered":"<p>Wytyczne dotycz\u0105ce zr\u00f3wnowa\u017conego rozwoju w sektorze HoReCa s\u0142u\u017c\u0105 jako kompleksowa mapa drogowa, oferuj\u0105ca praktyczne sposoby radzenia sobie z wa\u017cnymi kwestiami zr\u00f3wnowa\u017conego rozwoju w bran\u017cy hotelarskiej, restauracyjnej i cateringowej. Wytyczne zosta\u0142y opracowane poprzez zebranie spostrze\u017ce\u0144 z kompleksowej ankiety przeprowadzonej w\u015br\u00f3d interesariuszy sektora HoReCa i nauczycieli zawodowych w siedmiu krajach partnerskich projektu.<\/p>\n<p><a href=\"https:\/\/aim2sustain.erasmus.site\/wp-content\/uploads\/2023\/12\/Final-Survey-analysis-all-countries.pdf\" target=\"_blank\" rel=\"noopener noreferrer\"><br \/>\nAnaliza wynik\u00f3w badania<br \/>\n<\/a><\/p>\n\r\n<!--change the width and height value as you want.--> \r\n<!-- Do change \"index.htm\" to your real html name of the flippingbook--> \r\n<iframe  style=\"width:100%;height:650px\"  src=\"https:\/\/aim2sustain.erasmus.site\/wp-content\/uploads\/flipbook\/7\/book.html\"  seamless=\"seamless\" scrolling=\"no\" frameborder=\"0\" allowtransparency=\"true\" allowfullscreen mozallowfullscreen  webkitallowfullscreen ><\/iframe>\r\n\n<p style=\"text-align: center;\"><a class=\"btn btn-primary btn-lg active\" role=\"button\" href=\"https:\/\/aim2sustain.erasmus.site\/wp-content\/uploads\/2023\/12\/Guidelines_PL.pdf\" target=\"_blank\" rel=\"noopener\" aria-pressed=\"true\">Pobierz wytyczne<\/a><\/p>\n<p><\/p>","protected":false},"excerpt":{"rendered":"<p>Wytyczne dotycz\u0105ce zr\u00f3wnowa\u017conego rozwoju w sektorze HoReCa s\u0142u\u017c\u0105 jako kompleksowa mapa drogowa, oferuj\u0105ca praktyczne sposoby radzenia sobie z wa\u017cnymi kwestiami zr\u00f3wnowa\u017conego rozwoju w bran\u017cy hotelarskiej, restauracyjnej i cateringowej. Wytyczne zosta\u0142y opracowane poprzez zebranie spostrze\u017ce\u0144 z kompleksowej ankiety przeprowadzonej w\u015br\u00f3d interesariuszy sektora HoReCa i nauczycieli zawodowych w siedmiu krajach partnerskich projektu. Analiza wynik\u00f3w badania Pobierz wytyczne<\/p>\n","protected":false},"author":1,"featured_media":0,"parent":0,"menu_order":0,"comment_status":"closed","ping_status":"closed","template":"","meta":{"neve_meta_sidebar":"","neve_meta_container":"","neve_meta_enable_content_width":"off","neve_meta_content_width":100,"neve_meta_title_alignment":"","neve_meta_author_avatar":"","neve_post_elements_order":"","neve_meta_disable_header":"","neve_meta_disable_footer":"","neve_meta_disable_title":"","footnotes":""},"class_list":["post-122","page","type-page","status-publish","hentry"],"_links":{"self":[{"href":"https:\/\/aim2sustain.erasmus.site\/pl\/wp-json\/wp\/v2\/pages\/122","targetHints":{"allow":["GET"]}}],"collection":[{"href":"https:\/\/aim2sustain.erasmus.site\/pl\/wp-json\/wp\/v2\/pages"}],"about":[{"href":"https:\/\/aim2sustain.erasmus.site\/pl\/wp-json\/wp\/v2\/types\/page"}],"author":[{"embeddable":true,"href":"https:\/\/aim2sustain.erasmus.site\/pl\/wp-json\/wp\/v2\/users\/1"}],"replies":[{"embeddable":true,"href":"https:\/\/aim2sustain.erasmus.site\/pl\/wp-json\/wp\/v2\/comments?post=122"}],"version-history":[{"count":27,"href":"https:\/\/aim2sustain.erasmus.site\/pl\/wp-json\/wp\/v2\/pages\/122\/revisions"}],"predecessor-version":[{"id":251,"href":"https:\/\/aim2sustain.erasmus.site\/pl\/wp-json\/wp\/v2\/pages\/122\/revisions\/251"}],"wp:attachment":[{"href":"https:\/\/aim2sustain.erasmus.site\/pl\/wp-json\/wp\/v2\/media?parent=122"}],"curies":[{"name":"wp","href":"https:\/\/api.w.org\/{rel}","templated":true}]}}