{"id":8,"date":"2023-08-01T15:36:35","date_gmt":"2023-08-01T15:36:35","guid":{"rendered":"https:\/\/aim2sustain.erasmus.site\/?page_id=8"},"modified":"2024-06-10T07:33:36","modified_gmt":"2024-06-10T07:33:36","slug":"home","status":"publish","type":"page","link":"https:\/\/aim2sustain.erasmus.site\/pt\/","title":{"rendered":"In\u00edcio"},"content":{"rendered":"\t\t<div data-elementor-type=\"wp-page\" data-elementor-id=\"8\" class=\"elementor elementor-8\">\n\t\t\t\t\t\t<section class=\"elementor-section elementor-top-section elementor-element elementor-element-128983a elementor-section-boxed elementor-section-height-default elementor-section-height-default\" data-id=\"128983a\" data-element_type=\"section\" data-e-type=\"section\" data-settings=\"{&quot;background_background&quot;:&quot;classic&quot;}\">\n\t\t\t\t\t\t\t<div class=\"elementor-background-overlay\"><\/div>\n\t\t\t\t\t\t\t<div class=\"elementor-container elementor-column-gap-default\">\n\t\t\t\t\t<div class=\"elementor-column elementor-col-100 elementor-top-column elementor-element elementor-element-54fcc4f elementor-invisible\" data-id=\"54fcc4f\" data-element_type=\"column\" data-e-type=\"column\" data-settings=\"{&quot;background_background&quot;:&quot;classic&quot;,&quot;animation&quot;:&quot;fadeIn&quot;}\">\n\t\t\t<div class=\"elementor-widget-wrap elementor-element-populated\">\n\t\t\t\t\t\t<div class=\"elementor-element elementor-element-8d713a1 elementor-widget elementor-widget-image\" data-id=\"8d713a1\" data-element_type=\"widget\" data-e-type=\"widget\" data-widget_type=\"image.default\">\n\t\t\t\t<div class=\"elementor-widget-container\">\n\t\t\t\t\t\t\t\t\t\t\t\t\t\t\t<img fetchpriority=\"high\" decoding=\"async\" width=\"300\" height=\"300\" src=\"https:\/\/aim2sustain.erasmus.site\/wp-content\/uploads\/2023\/08\/Aim2Sustain_Logo_Final-300x300.png\" class=\"attachment-medium size-medium wp-image-17\" alt=\"\" srcset=\"https:\/\/aim2sustain.erasmus.site\/wp-content\/uploads\/2023\/08\/Aim2Sustain_Logo_Final-300x300.png 300w, https:\/\/aim2sustain.erasmus.site\/wp-content\/uploads\/2023\/08\/Aim2Sustain_Logo_Final-150x150.png 150w, https:\/\/aim2sustain.erasmus.site\/wp-content\/uploads\/2023\/08\/Aim2Sustain_Logo_Final-768x768.png 768w, https:\/\/aim2sustain.erasmus.site\/wp-content\/uploads\/2023\/08\/Aim2Sustain_Logo_Final.png 1000w\" sizes=\"(max-width: 300px) 100vw, 300px\" \/>\t\t\t\t\t\t\t\t\t\t\t\t\t\t\t<\/div>\n\t\t\t\t<\/div>\n\t\t\t\t<div class=\"elementor-element elementor-element-8efd6da elementor-widget elementor-widget-heading\" data-id=\"8efd6da\" data-element_type=\"widget\" data-e-type=\"widget\" data-widget_type=\"heading.default\">\n\t\t\t\t<div class=\"elementor-widget-container\">\n\t\t\t\t\t<h2 class=\"elementor-heading-title elementor-size-xl\">\u201cCompet\u00eancias de sustentabilidade para o canal HoReCa \/ Aim2Sustain\u201d<\/h2>\t\t\t\t<\/div>\n\t\t\t\t<\/div>\n\t\t\t\t<div class=\"elementor-element elementor-element-7e19cee elementor-widget elementor-widget-text-editor\" data-id=\"7e19cee\" data-element_type=\"widget\" data-e-type=\"widget\" data-widget_type=\"text-editor.default\">\n\t\t\t\t<div class=\"elementor-widget-container\">\n\t\t\t\t\t\t\t\t\t<p>Projeto ERASMUS+ KA220-VET &#8211; Parcerias de coopera\u00e7\u00e3o no dom\u00ednio do ensino e da forma\u00e7\u00e3o profissionais<br \/>No. 2022-1-LT01-KA220-VET-000085675<\/p>\t\t\t\t\t\t\t\t<\/div>\n\t\t\t\t<\/div>\n\t\t\t\t<section class=\"elementor-section elementor-inner-section elementor-element elementor-element-1414492 elementor-section-boxed elementor-section-height-default elementor-section-height-default\" data-id=\"1414492\" data-element_type=\"section\" data-e-type=\"section\">\n\t\t\t\t\t\t<div class=\"elementor-container elementor-column-gap-default\">\n\t\t\t\t\t<div class=\"elementor-column elementor-col-50 elementor-inner-column elementor-element elementor-element-69a827c\" data-id=\"69a827c\" data-element_type=\"column\" data-e-type=\"column\">\n\t\t\t<div class=\"elementor-widget-wrap\">\n\t\t\t\t\t\t\t<\/div>\n\t\t<\/div>\n\t\t\t\t<div class=\"elementor-column elementor-col-50 elementor-inner-column elementor-element elementor-element-5e3df6a\" data-id=\"5e3df6a\" data-element_type=\"column\" data-e-type=\"column\">\n\t\t\t<div class=\"elementor-widget-wrap\">\n\t\t\t\t\t\t\t<\/div>\n\t\t<\/div>\n\t\t\t\t\t<\/div>\n\t\t<\/section>\n\t\t\t\t<div class=\"elementor-element elementor-element-398e268 elementor-widget elementor-widget-text-editor\" data-id=\"398e268\" data-element_type=\"widget\" data-e-type=\"widget\" data-widget_type=\"text-editor.default\">\n\t\t\t\t<div class=\"elementor-widget-container\">\n\t\t\t\t\t\t\t\t\t<p>\u00c9 not\u00f3rio o aumento de interesse e de preocupa\u00e7\u00e3o com a sustentabilidade entre as partes interessadas do canal HoReCa \u2013 investidores, propriet\u00e1rios, clientes, colaboradores, pessoal administrativo e docente do ensino e forma\u00e7\u00e3o profissional, etc. A sustentabilidade exige que o canal HoReCa tome iniciativas que o tornem mais ambiental, social e economicamente respons\u00e1vel. Ser mais sustent\u00e1vel refere-se n\u00e3o s\u00f3 a tornar as opera\u00e7\u00f5es de neg\u00f3cios mais eficientes e pr\u00e1ticas, mas tamb\u00e9m a permanecer relevante num mercado competitivo e em constante evolu\u00e7\u00e3o e a ser capaz de responder aos desafios atuais e futuros do mercado. A Declara\u00e7\u00e3o de Osnabr\u00fcck 2020 (CE) identifica a sustentabilidade como um dos desafios a enfrentar pelo ensino e forma\u00e7\u00e3o profissional. Este relat\u00f3rio revela que a sustentabilidade n\u00e3o \u00e9 um assunto aut\u00f3nomo \u2013 est\u00e1 incorporada em todas as \u00e1reas de aprendizagem relevantes. Por conseguinte, a educa\u00e7\u00e3o para a sustentabilidade deve ser incorporada como uma prioridade transversal a todos os dom\u00ednios curriculares.<\/p>\t\t\t\t\t\t\t\t<\/div>\n\t\t\t\t<\/div>\n\t\t\t\t\t<\/div>\n\t\t<\/div>\n\t\t\t\t\t<\/div>\n\t\t<\/section>\n\t\t\t\t<section class=\"elementor-section elementor-top-section elementor-element elementor-element-00298e2 elementor-section-boxed elementor-section-height-default elementor-section-height-default\" data-id=\"00298e2\" data-element_type=\"section\" data-e-type=\"section\">\n\t\t\t\t\t\t<div class=\"elementor-container elementor-column-gap-default\">\n\t\t\t\t\t<div class=\"elementor-column elementor-col-50 elementor-top-column elementor-element elementor-element-87e3804\" data-id=\"87e3804\" data-element_type=\"column\" data-e-type=\"column\">\n\t\t\t<div class=\"elementor-widget-wrap elementor-element-populated\">\n\t\t\t\t\t\t<div class=\"elementor-element elementor-element-2c13b4f elementor-widget elementor-widget-menu-anchor\" data-id=\"2c13b4f\" data-element_type=\"widget\" data-e-type=\"widget\" data-widget_type=\"menu-anchor.default\">\n\t\t\t\t<div class=\"elementor-widget-container\">\n\t\t\t\t\t\t\t<div class=\"elementor-menu-anchor\" id=\"about\"><\/div>\n\t\t\t\t\t\t<\/div>\n\t\t\t\t<\/div>\n\t\t\t\t<div class=\"elementor-element elementor-element-37ca365 elementor-widget elementor-widget-heading\" data-id=\"37ca365\" data-element_type=\"widget\" data-e-type=\"widget\" data-widget_type=\"heading.default\">\n\t\t\t\t<div class=\"elementor-widget-container\">\n\t\t\t\t\t<h2 class=\"elementor-heading-title elementor-size-default\">Objetivo do projeto:<\/h2>\t\t\t\t<\/div>\n\t\t\t\t<\/div>\n\t\t\t\t\t<\/div>\n\t\t<\/div>\n\t\t\t\t<div class=\"elementor-column elementor-col-50 elementor-top-column elementor-element elementor-element-3672101\" data-id=\"3672101\" data-element_type=\"column\" data-e-type=\"column\">\n\t\t\t<div class=\"elementor-widget-wrap elementor-element-populated\">\n\t\t\t\t\t\t<div class=\"elementor-element elementor-element-8678c32 elementor-widget elementor-widget-heading\" data-id=\"8678c32\" data-element_type=\"widget\" data-e-type=\"widget\" data-widget_type=\"heading.default\">\n\t\t\t\t<div class=\"elementor-widget-container\">\n\t\t\t\t\t<h2 class=\"elementor-heading-title elementor-size-default\">Resultados do projeto:<\/h2>\t\t\t\t<\/div>\n\t\t\t\t<\/div>\n\t\t\t\t\t<\/div>\n\t\t<\/div>\n\t\t\t\t\t<\/div>\n\t\t<\/section>\n\t\t\t\t<section class=\"elementor-section elementor-top-section elementor-element elementor-element-a8b598e elementor-section-boxed elementor-section-height-default elementor-section-height-default\" data-id=\"a8b598e\" data-element_type=\"section\" data-e-type=\"section\">\n\t\t\t\t\t\t<div class=\"elementor-container elementor-column-gap-default\">\n\t\t\t\t\t<div class=\"elementor-column elementor-col-50 elementor-top-column elementor-element elementor-element-d94210c\" data-id=\"d94210c\" data-element_type=\"column\" data-e-type=\"column\">\n\t\t\t<div class=\"elementor-widget-wrap elementor-element-populated\">\n\t\t\t\t\t\t<div class=\"elementor-element elementor-element-b506e11 elementor-widget elementor-widget-text-editor\" data-id=\"b506e11\" data-element_type=\"widget\" data-e-type=\"widget\" data-widget_type=\"text-editor.default\">\n\t\t\t\t<div class=\"elementor-widget-container\">\n\t\t\t\t\t\t\t\t\t<p>Promover a educa\u00e7\u00e3o para a sustentabilidade no ensino e forma\u00e7\u00e3o profissional, a fim de desenvolver as compet\u00eancias em mat\u00e9ria de sustentabilidade dos trabalhadores do sector da hotelaria, restaura\u00e7\u00e3o e catering (HoReCa), contribuindo para uma estrat\u00e9gia global de sustentabilidade.<br \/><br \/>Objectivos:<br \/><br \/>Identificar \u00e1reas de a\u00e7\u00e3o, requisitos de compet\u00eancias e crit\u00e9rios de sustentabilidade no canal HoReCa.<br \/>Criar conte\u00fados de ensino\/aprendizagem adequados sobre temas de sustentabilidade seguindo os requisitos do canal HoReCa.<br \/>Desenvolver as compet\u00eancias dos formadores\/professores do ensino e forma\u00e7\u00e3o profissional para o ensino da sustentabilidade na vida profissional.<br \/>Expandir a compreens\u00e3o dos formandos\/alunos sobre a cultura de trabalho sustent\u00e1vel no canal HoReCa.<br \/>Assegurar uma liga\u00e7\u00e3o entre o ensino e forma\u00e7\u00e3o profissional e as exig\u00eancias do mercado de trabalho no canal HoReCa.<\/p>\t\t\t\t\t\t\t\t<\/div>\n\t\t\t\t<\/div>\n\t\t\t\t\t<\/div>\n\t\t<\/div>\n\t\t\t\t<div class=\"elementor-column elementor-col-50 elementor-top-column elementor-element elementor-element-a0db153\" data-id=\"a0db153\" data-element_type=\"column\" data-e-type=\"column\">\n\t\t\t<div class=\"elementor-widget-wrap elementor-element-populated\">\n\t\t\t\t\t\t<div class=\"elementor-element elementor-element-e4e2f49 elementor-widget elementor-widget-text-editor\" data-id=\"e4e2f49\" data-element_type=\"widget\" data-e-type=\"widget\" data-widget_type=\"text-editor.default\">\n\t\t\t\t<div class=\"elementor-widget-container\">\n\t\t\t\t\t\t\t\t\t<p><\/p><p>Guia para a sustentabilidade como compet\u00eancia no canal HoReCa.<br \/>Plataforma online sobre sustentabilidade para o canal HoReCa com recursos educativos abertos &#8211; Aim2Sustain. Todos os materiais s\u00e3o disponibilizados nas l\u00ednguas do cons\u00f3rcio do projeto: b\u00falgaro, neerland\u00eas, grego, lituano, polaco, portugu\u00eas e espanhol, bem como ingl\u00eas.<br \/>Confer\u00eancia transnacional de dissemina\u00e7\u00e3o.<\/p><p>Os grupos-alvo diretos do projeto incluem:<br \/>Institui\u00e7\u00f5es de ensino e forma\u00e7\u00e3o profissional, formadores, formandos do canal HoReCa em toda a Europa.<br \/>Colaboradores do canal HoReCa.<br \/>Associa\u00e7\u00f5es, redes, parceiros sociais, empresas que operam no canal HoReCa.<\/p><p>O grupo-alvo indireto inclui outras institui\u00e7\u00f5es de ensino, tais como, escolas secund\u00e1rias e institui\u00e7\u00f5es de ensino superior.<\/p>\t\t\t\t\t\t\t\t<\/div>\n\t\t\t\t<\/div>\n\t\t\t\t\t<\/div>\n\t\t<\/div>\n\t\t\t\t\t<\/div>\n\t\t<\/section>\n\t\t\t\t<section class=\"elementor-section elementor-top-section elementor-element elementor-element-63d3975 elementor-section-boxed elementor-section-height-default elementor-section-height-default\" data-id=\"63d3975\" data-element_type=\"section\" data-e-type=\"section\">\n\t\t\t\t\t\t<div class=\"elementor-container elementor-column-gap-default\">\n\t\t\t\t\t<div class=\"elementor-column elementor-col-100 elementor-top-column elementor-element elementor-element-7840ae2\" data-id=\"7840ae2\" data-element_type=\"column\" data-e-type=\"column\">\n\t\t\t<div class=\"elementor-widget-wrap elementor-element-populated\">\n\t\t\t\t\t\t<div class=\"elementor-element elementor-element-326bb80 elementor-widget elementor-widget-menu-anchor\" data-id=\"326bb80\" data-element_type=\"widget\" data-e-type=\"widget\" data-widget_type=\"menu-anchor.default\">\n\t\t\t\t<div class=\"elementor-widget-container\">\n\t\t\t\t\t\t\t<div class=\"elementor-menu-anchor\" id=\"partners\"><\/div>\n\t\t\t\t\t\t<\/div>\n\t\t\t\t<\/div>\n\t\t\t\t<div class=\"elementor-element elementor-element-8609961 elementor-widget elementor-widget-heading\" data-id=\"8609961\" data-element_type=\"widget\" data-e-type=\"widget\" data-widget_type=\"heading.default\">\n\t\t\t\t<div class=\"elementor-widget-container\">\n\t\t\t\t\t<h2 class=\"elementor-heading-title elementor-size-default\">Parceiros<\/h2>\t\t\t\t<\/div>\n\t\t\t\t<\/div>\n\t\t\t\t\t<\/div>\n\t\t<\/div>\n\t\t\t\t\t<\/div>\n\t\t<\/section>\n\t\t\t\t<section class=\"elementor-section elementor-top-section elementor-element elementor-element-7227b46 elementor-section-boxed elementor-section-height-default elementor-section-height-default\" data-id=\"7227b46\" data-element_type=\"section\" data-e-type=\"section\">\n\t\t\t\t\t\t<div class=\"elementor-container elementor-column-gap-default\">\n\t\t\t\t\t<div class=\"elementor-column elementor-col-100 elementor-top-column elementor-element elementor-element-ffd3189\" data-id=\"ffd3189\" data-element_type=\"column\" data-e-type=\"column\">\n\t\t\t<div class=\"elementor-widget-wrap elementor-element-populated\">\n\t\t\t\t\t\t<div class=\"elementor-element elementor-element-df9cfb6 e-transform elementor-widget elementor-widget-text-editor\" data-id=\"df9cfb6\" data-element_type=\"widget\" data-e-type=\"widget\" data-settings=\"{&quot;_transform_scale_effect_hover&quot;:{&quot;unit&quot;:&quot;px&quot;,&quot;size&quot;:0.9,&quot;sizes&quot;:[]},&quot;_transform_scale_effect_hover_tablet&quot;:{&quot;unit&quot;:&quot;px&quot;,&quot;size&quot;:&quot;&quot;,&quot;sizes&quot;:[]},&quot;_transform_scale_effect_hover_mobile&quot;:{&quot;unit&quot;:&quot;px&quot;,&quot;size&quot;:&quot;&quot;,&quot;sizes&quot;:[]}}\" data-widget_type=\"text-editor.default\">\n\t\t\t\t<div class=\"elementor-widget-container\">\n\t\t\t\t\t\t\t\t\t<div class=\"paoc-pro-shortcode-preview paoc-copy-clipboard\">\r\n\t<div class=\"paoc-image-popup\">\r\n\t\t<a class=\"paoc-popup-click paoc-popup-cust-76 paoc-popup-image paoc-popup-image\" href=\"javascript:void(0);\"><img decoding=\"async\" class=\"popupaoc-img\" src=\"https:\/\/aim2sustain.erasmus.site\/wp-content\/uploads\/2023\/08\/vesk.png\" alt=\"\" \/><\/a>\r\n\r\n\t\t\t<\/div>\r\n\r\n<\/div>\t\t\t\t\t\t\t\t<\/div>\n\t\t\t\t<\/div>\n\t\t\t\t\t<\/div>\n\t\t<\/div>\n\t\t\t\t\t<\/div>\n\t\t<\/section>\n\t\t\t\t<section class=\"elementor-section elementor-top-section elementor-element elementor-element-4cacc3a elementor-section-boxed elementor-section-height-default elementor-section-height-default\" data-id=\"4cacc3a\" data-element_type=\"section\" data-e-type=\"section\">\n\t\t\t\t\t\t<div class=\"elementor-container elementor-column-gap-default\">\n\t\t\t\t\t<div class=\"elementor-column elementor-col-33 elementor-top-column elementor-element elementor-element-91c2528\" data-id=\"91c2528\" data-element_type=\"column\" data-e-type=\"column\">\n\t\t\t<div class=\"elementor-widget-wrap elementor-element-populated\">\n\t\t\t\t\t\t<div class=\"elementor-element elementor-element-ce4cf47 e-transform elementor-widget elementor-widget-text-editor\" data-id=\"ce4cf47\" data-element_type=\"widget\" data-e-type=\"widget\" data-settings=\"{&quot;_transform_scale_effect_hover&quot;:{&quot;unit&quot;:&quot;px&quot;,&quot;size&quot;:0.9,&quot;sizes&quot;:[]},&quot;_transform_scale_effect_hover_tablet&quot;:{&quot;unit&quot;:&quot;px&quot;,&quot;size&quot;:&quot;&quot;,&quot;sizes&quot;:[]},&quot;_transform_scale_effect_hover_mobile&quot;:{&quot;unit&quot;:&quot;px&quot;,&quot;size&quot;:&quot;&quot;,&quot;sizes&quot;:[]}}\" data-widget_type=\"text-editor.default\">\n\t\t\t\t<div class=\"elementor-widget-container\">\n\t\t\t\t\t\t\t\t\t<div class=\"paoc-pro-shortcode-preview paoc-copy-clipboard\">\r\n\t<div class=\"paoc-image-popup\">\r\n\t\t<a class=\"paoc-popup-click paoc-popup-cust-79 paoc-popup-image paoc-popup-image\" href=\"javascript:void(0);\"><img decoding=\"async\" class=\"popupaoc-img\" src=\"https:\/\/aim2sustain.erasmus.site\/wp-content\/uploads\/2023\/08\/aegan.png\" alt=\"\" \/><\/a>\r\n\r\n\t\t\t<\/div>\r\n\r\n<\/div>\t\t\t\t\t\t\t\t<\/div>\n\t\t\t\t<\/div>\n\t\t\t\t\t<\/div>\n\t\t<\/div>\n\t\t\t\t<div class=\"elementor-column elementor-col-33 elementor-top-column elementor-element elementor-element-c3b2f55\" data-id=\"c3b2f55\" data-element_type=\"column\" data-e-type=\"column\">\n\t\t\t<div class=\"elementor-widget-wrap elementor-element-populated\">\n\t\t\t\t\t\t<div class=\"elementor-element elementor-element-ed840bb e-transform elementor-widget elementor-widget-text-editor\" data-id=\"ed840bb\" data-element_type=\"widget\" data-e-type=\"widget\" data-settings=\"{&quot;_transform_scale_effect_hover&quot;:{&quot;unit&quot;:&quot;px&quot;,&quot;size&quot;:0.9,&quot;sizes&quot;:[]},&quot;_transform_scale_effect_hover_tablet&quot;:{&quot;unit&quot;:&quot;px&quot;,&quot;size&quot;:&quot;&quot;,&quot;sizes&quot;:[]},&quot;_transform_scale_effect_hover_mobile&quot;:{&quot;unit&quot;:&quot;px&quot;,&quot;size&quot;:&quot;&quot;,&quot;sizes&quot;:[]}}\" data-widget_type=\"text-editor.default\">\n\t\t\t\t<div class=\"elementor-widget-container\">\n\t\t\t\t\t\t\t\t\t<div class=\"paoc-pro-shortcode-preview paoc-copy-clipboard\"><div class=\"paoc-pro-shortcode-preview paoc-copy-clipboard\">\r\n\t<div class=\"paoc-image-popup\">\r\n\t\t<a class=\"paoc-popup-click paoc-popup-cust-80 paoc-popup-image paoc-popup-image\" href=\"javascript:void(0);\"><img decoding=\"async\" class=\"popupaoc-img\" src=\"https:\/\/aim2sustain.erasmus.site\/wp-content\/uploads\/2023\/08\/danmar.png\" alt=\"\" \/><\/a>\r\n\r\n\t\t\t<\/div>\r\n\r\n<\/div><\/div>\t\t\t\t\t\t\t\t<\/div>\n\t\t\t\t<\/div>\n\t\t\t\t\t<\/div>\n\t\t<\/div>\n\t\t\t\t<div class=\"elementor-column elementor-col-33 elementor-top-column elementor-element elementor-element-3e1f910\" data-id=\"3e1f910\" data-element_type=\"column\" data-e-type=\"column\">\n\t\t\t<div class=\"elementor-widget-wrap elementor-element-populated\">\n\t\t\t\t\t\t<div class=\"elementor-element elementor-element-37ab9de e-transform elementor-widget elementor-widget-text-editor\" data-id=\"37ab9de\" data-element_type=\"widget\" data-e-type=\"widget\" data-settings=\"{&quot;_transform_scale_effect_hover&quot;:{&quot;unit&quot;:&quot;px&quot;,&quot;size&quot;:0.9,&quot;sizes&quot;:[]},&quot;_transform_scale_effect_hover_tablet&quot;:{&quot;unit&quot;:&quot;px&quot;,&quot;size&quot;:&quot;&quot;,&quot;sizes&quot;:[]},&quot;_transform_scale_effect_hover_mobile&quot;:{&quot;unit&quot;:&quot;px&quot;,&quot;size&quot;:&quot;&quot;,&quot;sizes&quot;:[]}}\" data-widget_type=\"text-editor.default\">\n\t\t\t\t<div class=\"elementor-widget-container\">\n\t\t\t\t\t\t\t\t\t<div class=\"paoc-pro-shortcode-preview paoc-copy-clipboard\"><div class=\"paoc-pro-shortcode-preview paoc-copy-clipboard\">\r\n\t<div class=\"paoc-image-popup\">\r\n\t\t<a class=\"paoc-popup-click paoc-popup-cust-82 paoc-popup-image paoc-popup-image\" href=\"javascript:void(0);\"><img decoding=\"async\" class=\"popupaoc-img\" src=\"https:\/\/aim2sustain.erasmus.site\/wp-content\/uploads\/2023\/08\/ic.png\" alt=\"\" \/><\/a>\r\n\r\n\t\t\t<\/div>\r\n\r\n<\/div><\/div>\t\t\t\t\t\t\t\t<\/div>\n\t\t\t\t<\/div>\n\t\t\t\t\t<\/div>\n\t\t<\/div>\n\t\t\t\t\t<\/div>\n\t\t<\/section>\n\t\t\t\t<section class=\"elementor-section elementor-top-section elementor-element elementor-element-6365043 elementor-section-boxed elementor-section-height-default elementor-section-height-default\" data-id=\"6365043\" data-element_type=\"section\" data-e-type=\"section\">\n\t\t\t\t\t\t<div class=\"elementor-container elementor-column-gap-default\">\n\t\t\t\t\t<div class=\"elementor-column elementor-col-33 elementor-top-column elementor-element elementor-element-1c74f63\" data-id=\"1c74f63\" data-element_type=\"column\" data-e-type=\"column\">\n\t\t\t<div class=\"elementor-widget-wrap elementor-element-populated\">\n\t\t\t\t\t\t<div class=\"elementor-element elementor-element-3faf95b e-transform elementor-widget elementor-widget-text-editor\" data-id=\"3faf95b\" data-element_type=\"widget\" data-e-type=\"widget\" data-settings=\"{&quot;_transform_scale_effect_hover&quot;:{&quot;unit&quot;:&quot;px&quot;,&quot;size&quot;:0.9,&quot;sizes&quot;:[]},&quot;_transform_scale_effect_hover_tablet&quot;:{&quot;unit&quot;:&quot;px&quot;,&quot;size&quot;:&quot;&quot;,&quot;sizes&quot;:[]},&quot;_transform_scale_effect_hover_mobile&quot;:{&quot;unit&quot;:&quot;px&quot;,&quot;size&quot;:&quot;&quot;,&quot;sizes&quot;:[]}}\" data-widget_type=\"text-editor.default\">\n\t\t\t\t<div class=\"elementor-widget-container\">\n\t\t\t\t\t\t\t\t\t<div class=\"paoc-pro-shortcode-preview paoc-copy-clipboard\">\r\n\t<div class=\"paoc-image-popup\">\r\n\t\t<a class=\"paoc-popup-click paoc-popup-cust-83 paoc-popup-image paoc-popup-image\" href=\"javascript:void(0);\"><img decoding=\"async\" class=\"popupaoc-img\" src=\"https:\/\/aim2sustain.erasmus.site\/wp-content\/uploads\/2023\/08\/itdpt.png\" alt=\"\" \/><\/a>\r\n\r\n\t\t\t<\/div>\r\n\r\n<\/div>\t\t\t\t\t\t\t\t<\/div>\n\t\t\t\t<\/div>\n\t\t\t\t\t<\/div>\n\t\t<\/div>\n\t\t\t\t<div class=\"elementor-column elementor-col-33 elementor-top-column elementor-element elementor-element-e3227c5\" data-id=\"e3227c5\" data-element_type=\"column\" data-e-type=\"column\">\n\t\t\t<div class=\"elementor-widget-wrap elementor-element-populated\">\n\t\t\t\t\t\t<div class=\"elementor-element elementor-element-7d06d51 e-transform elementor-widget elementor-widget-text-editor\" data-id=\"7d06d51\" data-element_type=\"widget\" data-e-type=\"widget\" data-settings=\"{&quot;_transform_scale_effect_hover&quot;:{&quot;unit&quot;:&quot;px&quot;,&quot;size&quot;:0.9,&quot;sizes&quot;:[]},&quot;_transform_scale_effect_hover_tablet&quot;:{&quot;unit&quot;:&quot;px&quot;,&quot;size&quot;:&quot;&quot;,&quot;sizes&quot;:[]},&quot;_transform_scale_effect_hover_mobile&quot;:{&quot;unit&quot;:&quot;px&quot;,&quot;size&quot;:&quot;&quot;,&quot;sizes&quot;:[]}}\" data-widget_type=\"text-editor.default\">\n\t\t\t\t<div class=\"elementor-widget-container\">\n\t\t\t\t\t\t\t\t\t<div class=\"paoc-pro-shortcode-preview paoc-copy-clipboard\">\r\n\t<div class=\"paoc-image-popup\">\r\n\t\t<a class=\"paoc-popup-click paoc-popup-cust-84 paoc-popup-image paoc-popup-image\" href=\"javascript:void(0);\"><img decoding=\"async\" class=\"popupaoc-img\" src=\"https:\/\/aim2sustain.erasmus.site\/wp-content\/uploads\/2023\/08\/meus.png\" alt=\"\" \/><\/a>\r\n\r\n\t\t\t<\/div>\r\n\r\n<\/div>\t\t\t\t\t\t\t\t<\/div>\n\t\t\t\t<\/div>\n\t\t\t\t\t<\/div>\n\t\t<\/div>\n\t\t\t\t<div class=\"elementor-column elementor-col-33 elementor-top-column elementor-element elementor-element-e0e1f09\" data-id=\"e0e1f09\" data-element_type=\"column\" data-e-type=\"column\">\n\t\t\t<div class=\"elementor-widget-wrap elementor-element-populated\">\n\t\t\t\t\t\t<div class=\"elementor-element elementor-element-f5ed96c e-transform elementor-widget elementor-widget-text-editor\" data-id=\"f5ed96c\" data-element_type=\"widget\" data-e-type=\"widget\" data-settings=\"{&quot;_transform_scale_effect_hover&quot;:{&quot;unit&quot;:&quot;px&quot;,&quot;size&quot;:0.9,&quot;sizes&quot;:[]},&quot;_transform_scale_effect_hover_tablet&quot;:{&quot;unit&quot;:&quot;px&quot;,&quot;size&quot;:&quot;&quot;,&quot;sizes&quot;:[]},&quot;_transform_scale_effect_hover_mobile&quot;:{&quot;unit&quot;:&quot;px&quot;,&quot;size&quot;:&quot;&quot;,&quot;sizes&quot;:[]}}\" data-widget_type=\"text-editor.default\">\n\t\t\t\t<div class=\"elementor-widget-container\">\n\t\t\t\t\t\t\t\t\t<div class=\"paoc-pro-shortcode-preview paoc-copy-clipboard\">\r\n\t<div class=\"paoc-image-popup\">\r\n\t\t<a class=\"paoc-popup-click paoc-popup-cust-85 paoc-popup-image paoc-popup-image\" href=\"javascript:void(0);\"><img decoding=\"async\" class=\"popupaoc-img\" src=\"https:\/\/aim2sustain.erasmus.site\/wp-content\/uploads\/2023\/08\/roc.png\" alt=\"\" \/><\/a>\r\n\r\n\t\t\t<\/div>\r\n\r\n<\/div>\t\t\t\t\t\t\t\t<\/div>\n\t\t\t\t<\/div>\n\t\t\t\t\t<\/div>\n\t\t<\/div>\n\t\t\t\t\t<\/div>\n\t\t<\/section>\n\t\t\t\t<\/div>\n\t\t","protected":false},"excerpt":{"rendered":"<p>\u201cCompet\u00eancias de sustentabilidade para o canal HoReCa \/ Aim2Sustain\u201d Projeto ERASMUS+ KA220-VET &#8211; Parcerias de coopera\u00e7\u00e3o no dom\u00ednio do ensino e da forma\u00e7\u00e3o profissionaisNo. 2022-1-LT01-KA220-VET-000085675 \u00c9 not\u00f3rio o aumento de interesse e de preocupa\u00e7\u00e3o com a sustentabilidade entre as partes interessadas do canal HoReCa \u2013 investidores, propriet\u00e1rios, clientes, colaboradores, pessoal administrativo e docente do ensino&hellip;&nbsp;<a href=\"https:\/\/aim2sustain.erasmus.site\/pt\/\" rel=\"bookmark\">Ler mais &raquo;<span class=\"screen-reader-text\">In\u00edcio<\/span><\/a><\/p>\n","protected":false},"author":1,"featured_media":0,"parent":0,"menu_order":0,"comment_status":"closed","ping_status":"closed","template":"page-templates\/template-pagebuilder-full-width.php","meta":{"neve_meta_sidebar":"","neve_meta_container":"","neve_meta_enable_content_width":"off","neve_meta_content_width":100,"neve_meta_title_alignment":"","neve_meta_author_avatar":"","neve_post_elements_order":"","neve_meta_disable_header":"","neve_meta_disable_footer":"","neve_meta_disable_title":"","footnotes":""},"class_list":["post-8","page","type-page","status-publish","hentry"],"_links":{"self":[{"href":"https:\/\/aim2sustain.erasmus.site\/pt\/wp-json\/wp\/v2\/pages\/8","targetHints":{"allow":["GET"]}}],"collection":[{"href":"https:\/\/aim2sustain.erasmus.site\/pt\/wp-json\/wp\/v2\/pages"}],"about":[{"href":"https:\/\/aim2sustain.erasmus.site\/pt\/wp-json\/wp\/v2\/types\/page"}],"author":[{"embeddable":true,"href":"https:\/\/aim2sustain.erasmus.site\/pt\/wp-json\/wp\/v2\/users\/1"}],"replies":[{"embeddable":true,"href":"https:\/\/aim2sustain.erasmus.site\/pt\/wp-json\/wp\/v2\/comments?post=8"}],"version-history":[{"count":89,"href":"https:\/\/aim2sustain.erasmus.site\/pt\/wp-json\/wp\/v2\/pages\/8\/revisions"}],"predecessor-version":[{"id":233,"href":"https:\/\/aim2sustain.erasmus.site\/pt\/wp-json\/wp\/v2\/pages\/8\/revisions\/233"}],"wp:attachment":[{"href":"https:\/\/aim2sustain.erasmus.site\/pt\/wp-json\/wp\/v2\/media?parent=8"}],"curies":[{"name":"wp","href":"https:\/\/api.w.org\/{rel}","templated":true}]}}